{"id":2026,"date":"2025-08-20T15:21:01","date_gmt":"2025-08-20T13:21:01","guid":{"rendered":"https:\/\/openmouth.hamburg\/past-events\/"},"modified":"2025-08-20T15:27:57","modified_gmt":"2025-08-20T13:27:57","slug":"past-events","status":"publish","type":"page","link":"https:\/\/openmouth.hamburg\/en\/past-events\/","title":{"rendered":"Past events"},"content":{"rendered":"<p>[et_pb_section fb_built=&#8221;1&#8243; _builder_version=&#8221;4.27.4&#8243; _dynamic_attributes=&#8221;background_image&#8221; _module_preset=&#8221;default&#8221; background_image=&#8221;@ET-DC@eyJkeW5hbWljIjp0cnVlLCJjb250ZW50IjoicG9zdF9mZWF0dXJlZF9pbWFnZSIsInNldHRpbmdzIjp7fX0=@&#8221; height=&#8221;450px&#8221; height_tablet=&#8221;450px&#8221; height_phone=&#8221;350px&#8221; height_last_edited=&#8221;on|tablet&#8221; dvmd_acat_aria_hidden=&#8221;on&#8221; global_colors_info=&#8221;{}&#8221;][\/et_pb_section][et_pb_section fb_built=&#8221;1&#8243; _builder_version=&#8221;4.27.4&#8243; _module_preset=&#8221;default&#8221; global_colors_info=&#8221;{}&#8221;][et_pb_row admin_label=&#8221;row&#8221; _builder_version=&#8221;4.27.4&#8243; background_size=&#8221;initial&#8221; background_position=&#8221;top_left&#8221; background_repeat=&#8221;repeat&#8221; custom_padding=&#8221;||||false&#8221; global_colors_info=&#8221;{}&#8221;][et_pb_column type=&#8221;4_4&#8243; _builder_version=&#8221;4.16&#8243; custom_padding=&#8221;|||&#8221; global_colors_info=&#8221;{}&#8221; custom_padding__hover=&#8221;|||&#8221;][et_pb_text _builder_version=&#8221;4.27.4&#8243; _dynamic_attributes=&#8221;content&#8221; _module_preset=&#8221;default&#8221; header_font=&#8221;CampecheDisplay-Heavy||||||||&#8221; header_text_color=&#8221;#FF6122&#8243; header_font_size=&#8221;4em&#8221; header_font_size_tablet=&#8221;3.5em&#8221; header_font_size_phone=&#8221;3em&#8221; header_font_size_last_edited=&#8221;on|phone&#8221; global_colors_info=&#8221;{}&#8221;]@ET-DC@eyJkeW5hbWljIjp0cnVlLCJjb250ZW50IjoicG9zdF90aXRsZSIsInNldHRpbmdzIjp7ImJlZm9yZSI6IjxoMT4iLCJhZnRlciI6IjxcL2gxPiJ9fQ==@[\/et_pb_text][et_pb_video _builder_version=&#8221;4.27.4&#8243; _module_preset=&#8221;default&#8221; global_colors_info=&#8221;{}&#8221;][\/et_pb_video][\/et_pb_column][\/et_pb_row][et_pb_row _builder_version=&#8221;4.27.4&#8243; _module_preset=&#8221;default&#8221; global_colors_info=&#8221;{}&#8221;][et_pb_column type=&#8221;4_4&#8243; _builder_version=&#8221;4.27.4&#8243; _module_preset=&#8221;default&#8221; global_colors_info=&#8221;{}&#8221;][dpevent_list dem_select_style=&#8221;style2&#8243; dem_orderby=&#8221;event_start_desc&#8221; dem_time_format=&#8221;tfhr&#8221; dem_show_event=&#8221;show_past_events&#8221; dem_list_readmore_txt=&#8221;Details&#8221; style2_dem_readmore_hover_bg_color=&#8221;#FF6122&#8243; _builder_version=&#8221;4.27.4&#8243; _module_preset=&#8221;default&#8221; header_level=&#8221;h2&#8243; header_font=&#8221;CampecheDisplay-Heavy||||||||&#8221; header_text_color=&#8221;#000000&#8243; dem_date_fonts_text_color=&#8221;#1A4B66&#8243; dem_description_name_fonts_text_color=&#8221;#000000&#8243; dem_description_name_fonts_font_size=&#8221;20px&#8221; hover_enabled=&#8221;0&#8243; header_font_size_tablet=&#8221;&#8221; header_font_size_phone=&#8221;24px&#8221; header_font_size_last_edited=&#8221;on|phone&#8221; dem_description_name_fonts_font_size_tablet=&#8221;20px&#8221; dem_description_name_fonts_font_size_phone=&#8221;20px&#8221; dem_description_name_fonts_font_size_last_edited=&#8221;on|phone&#8221; global_colors_info=&#8221;{}&#8221; header_text_color__hover_enabled=&#8221;on|desktop&#8221; header_text_color__hover=&#8221;#FF6122&#8243; custom_padding__hover_enabled=&#8221;on|desktop&#8221; theme_builder_area=&#8221;post_content&#8221; sticky_enabled=&#8221;0&#8243;][\/dpevent_list][\/et_pb_column][\/et_pb_row][et_pb_row _builder_version=&#8221;4.27.4&#8243; _module_preset=&#8221;default&#8221;][et_pb_column _builder_version=&#8221;4.27.4&#8243; _module_preset=&#8221;default&#8221; type=&#8221;4_4&#8243;][et_pb_button button_text=&#8221;Current events&#8221; _builder_version=&#8221;4.27.4&#8243; _module_preset=&#8221;default&#8221; button_url=&#8221;@ET-DC@eyJkeW5hbWljIjp0cnVlLCJjb250ZW50IjoicG9zdF9saW5rX3VybF9wYWdlIiwic2V0dGluZ3MiOnsicG9zdF9pZCI6IjIzNyJ9fQ==@&#8221; _dynamic_attributes=&#8221;button_url&#8221; button_alignment=&#8221;center&#8221; hover_enabled=&#8221;0&#8243; sticky_enabled=&#8221;0&#8243;][\/et_pb_button][\/et_pb_column][\/et_pb_row][\/et_pb_section]<\/p>\n","protected":false},"excerpt":{"rendered":"<div class=\"et_pb_module dpevent_list dpevent_list_0\">\n\t\t\t\t\n\t\t\t\t\n\t\t\t\t\n\t\t\t\t\n\t\t\t\t\n\t\t\t\t\n\t\t\t\t<div class=\"et_pb_module_inner\">\n\t\t\t\t\t<div class=\" dem_list_main et_pb_gutters2  dem_equalheight dem_list_style2 \"><div class=\"et_pb_row dem_event_item dem_column_list_view_style2\">\r\n\t<div class=\"et_pb_column et_pb_column_1_3 dem_column_list_view_style2_left\">\r\n\t\t<a href=\"https:\/\/openmouth.hamburg\/en\/events\/hobenschnack-backensholzer-farm\/\" >\r\n\t\t\t<div class=\"dem_event_image dem_list_style2_desktop\">\r\n\t\t\t\t<img decoding=\"async\" src=\"https:\/\/openmouth.hamburg\/wp-content\/uploads\/2026\/02\/Hobenschnack-300x300.png\" alt=\"Hobenschnack: Backensholzer Farm\">\r\n\t\t\t<\/div>\r\n\t\t\t<div class=\"dem_event_image dem_list_style2_mobile\">\r\n\t\t\t\t<img decoding=\"async\" src=\"https:\/\/openmouth.hamburg\/wp-content\/uploads\/2026\/02\/Hobenschnack.png\" alt=\"Hobenschnack: Backensholzer Farm\">\r\n\t\t\t<\/div>\r\n\t\t<\/a>\r\n\t<\/div>\r\n\t<div class=\"et_pb_column et_pb_column_2_3 dem_column_list_view_style2_right\">\t\r\n\t\t<h2 class=\"et_pb_module_header dem_event_title\"><a href=\"https:\/\/openmouth.hamburg\/en\/events\/hobenschnack-backensholzer-farm\/\" >Hobenschnack: Backensholzer Farm<\/a><\/h2>\t\t\t<p class=\"dem_event_date_time\"><i class=\"et-pb-icon\">&#xe023;<\/i>&nbsp;19  March, 2026 at 18:30 - 22:00 on Stockmeyerstra\u00dfe 43, Hamburg, Hamburg\t\t\t<\/p>\r\n\t\t\t\t\t<p class=\"dem_event_content\">What can you expect? A chat and a creative 4-course meal with local food producers\u2014eat smart! We learn new things about the people, products, and solutions from the region. We discuss, listen, and ask questions. In between, we take two culinary breaks and enjoy the food together. The event is moderated by journalist Dorothea Heintze, [&hellip;]<\/p>\r\n\t\t\t\t<p class=\"dem_event_book_now\">\r\n\t\t\t\t\t\t<a href=\"https:\/\/openmouth.hamburg\/en\/events\/hobenschnack-backensholzer-farm\/\" class=\"et_pb_button\" >Details<\/a>\r\n\t\t\t\r\n\t\t<\/p>\r\n\t<\/div>\r\n<\/div>  \r\n<div class=\"et_pb_divider dem_divider\"><\/div>\t\t\t<div class=\"et_pb_row dem_event_item dem_column_list_view_style2\">\r\n\t<div class=\"et_pb_column et_pb_column_1_3 dem_column_list_view_style2_left\">\r\n\t\t<a href=\"https:\/\/openmouth.hamburg\/en\/events\/kochkids-hobenkoeoek-cooking-club\/\" >\r\n\t\t\t<div class=\"dem_event_image dem_list_style2_desktop\">\r\n\t\t\t\t<img decoding=\"async\" src=\"https:\/\/openmouth.hamburg\/wp-content\/uploads\/2026\/02\/OPEN_MOUTH_DAY_02-15-300x300.jpg\" alt=\"KochKids &#8211; Hobenk\u00f6\u00f6k Cooking Club\">\r\n\t\t\t<\/div>\r\n\t\t\t<div class=\"dem_event_image dem_list_style2_mobile\">\r\n\t\t\t\t<img decoding=\"async\" src=\"https:\/\/openmouth.hamburg\/wp-content\/uploads\/2026\/02\/OPEN_MOUTH_DAY_02-15-scaled.jpg\" alt=\"KochKids &#8211; Hobenk\u00f6\u00f6k Cooking Club\">\r\n\t\t\t<\/div>\r\n\t\t<\/a>\r\n\t<\/div>\r\n\t<div class=\"et_pb_column et_pb_column_2_3 dem_column_list_view_style2_right\">\t\r\n\t\t<h2 class=\"et_pb_module_header dem_event_title\"><a href=\"https:\/\/openmouth.hamburg\/en\/events\/kochkids-hobenkoeoek-cooking-club\/\" >KochKids &#8211; Hobenk\u00f6\u00f6k Cooking Club<\/a><\/h2>\t\t\t<p class=\"dem_event_date_time\"><i class=\"et-pb-icon\">&#xe023;<\/i>&nbsp;17  March, 2026 at 16:30 - 18:30 on Stockmeyerstr. 43, Hamburg, Hamburg\t\t\t<\/p>\r\n\t\t\t\t\t<p class=\"dem_event_content\">\u201eLirum-larum L\u00f6ffelstiel! Bei den KochKids Kochkursen z\u00e4hlen wir nur 1, 2, 3 &#8211; denn dann hei\u00dft es schon: fertig ist die Kocherei!\u201c At the \u201cKochKids\u201d cooking classes, your children will learn about the world of fresh, regional ingredients in a child-friendly way and prepare delicious vegetarian dishes together. Not only will they learn how to [&hellip;]<\/p>\r\n\t\t\t\t<p class=\"dem_event_book_now\">\r\n\t\t\t\t\t\t<a href=\"https:\/\/openmouth.hamburg\/en\/events\/kochkids-hobenkoeoek-cooking-club\/\" class=\"et_pb_button\" >Details<\/a>\r\n\t\t\t\r\n\t\t<\/p>\r\n\t<\/div>\r\n<\/div>  \r\n<div class=\"et_pb_divider dem_divider\"><\/div>\t\t\t<div class=\"et_pb_row dem_event_item dem_column_list_view_style2\">\r\n\t<div class=\"et_pb_column et_pb_column_1_3 dem_column_list_view_style2_left\">\r\n\t\t<a href=\"https:\/\/openmouth.hamburg\/en\/events\/gourmet-summit-regionally-inspired\/\" >\r\n\t\t\t<div class=\"dem_event_image dem_list_style2_desktop\">\r\n\t\t\t\t<img decoding=\"async\" src=\"https:\/\/openmouth.hamburg\/wp-content\/uploads\/2026\/03\/Genussgipfel-300x300.png\" alt=\"Gourmet summit \u2013 regionally inspired\">\r\n\t\t\t<\/div>\r\n\t\t\t<div class=\"dem_event_image dem_list_style2_mobile\">\r\n\t\t\t\t<img decoding=\"async\" src=\"https:\/\/openmouth.hamburg\/wp-content\/uploads\/2026\/03\/Genussgipfel.png\" alt=\"Gourmet summit \u2013 regionally inspired\">\r\n\t\t\t<\/div>\r\n\t\t<\/a>\r\n\t<\/div>\r\n\t<div class=\"et_pb_column et_pb_column_2_3 dem_column_list_view_style2_right\">\t\r\n\t\t<h2 class=\"et_pb_module_header dem_event_title\"><a href=\"https:\/\/openmouth.hamburg\/en\/events\/gourmet-summit-regionally-inspired\/\" >Gourmet summit \u2013 regionally inspired<\/a><\/h2>\t\t\t<p class=\"dem_event_date_time\"><i class=\"et-pb-icon\">&#xe023;<\/i>&nbsp;15  March, 2026 at 17:00 - 23:59 on Stockmeyerstra\u00dfe 43, Hamburg, Hamburg\t\t\t<\/p>\r\n\t\t\t\t\t<p class=\"dem_event_content\">Gourmet summit \u2013 regionally inspired: market square, competition, an evening dedicated to regional food and a party for the food scene! \ud83d\ude0a During INTERNORGA, everything in Hamburg revolves around gastronomy, the hotel industry and food trends. But Hobenk\u00f6\u00f6k believes that the best conversations often begin when the trade fair day ends. That&#8217;s why they invite [&hellip;]<\/p>\r\n\t\t\t\t<p class=\"dem_event_book_now\">\r\n\t\t\t\t\t\t<a href=\"https:\/\/openmouth.hamburg\/en\/events\/gourmet-summit-regionally-inspired\/\" class=\"et_pb_button\" >Details<\/a>\r\n\t\t\t\r\n\t\t<\/p>\r\n\t<\/div>\r\n<\/div>  \r\n<div class=\"et_pb_divider dem_divider\"><\/div>\t\t\t<div class=\"et_pb_row dem_event_item dem_column_list_view_style2\">\r\n\t<div class=\"et_pb_column et_pb_column_1_3 dem_column_list_view_style2_left\">\r\n\t\t<a href=\"https:\/\/openmouth.hamburg\/en\/events\/exklusive-internorga-afterparty\/\" >\r\n\t\t\t<div class=\"dem_event_image dem_list_style2_desktop\">\r\n\t\t\t\t<img decoding=\"async\" src=\"https:\/\/openmouth.hamburg\/wp-content\/uploads\/2026\/03\/Internorga-Afterparty-300x300.png\" alt=\"Exklusive INTERNORGA Afterparty\">\r\n\t\t\t<\/div>\r\n\t\t\t<div class=\"dem_event_image dem_list_style2_mobile\">\r\n\t\t\t\t<img decoding=\"async\" src=\"https:\/\/openmouth.hamburg\/wp-content\/uploads\/2026\/03\/Internorga-Afterparty.png\" alt=\"Exklusive INTERNORGA Afterparty\">\r\n\t\t\t<\/div>\r\n\t\t<\/a>\r\n\t<\/div>\r\n\t<div class=\"et_pb_column et_pb_column_2_3 dem_column_list_view_style2_right\">\t\r\n\t\t<h2 class=\"et_pb_module_header dem_event_title\"><a href=\"https:\/\/openmouth.hamburg\/en\/events\/exklusive-internorga-afterparty\/\" >Exklusive INTERNORGA Afterparty<\/a><\/h2>\t\t\t<p class=\"dem_event_date_time\"><i class=\"et-pb-icon\">&#xe023;<\/i>&nbsp;13  March, 2026 at 18:30 - 23:59 on Karolinenstra\u00dfe 45, Hamburg, Hamburg\t\t\t<\/p>\r\n\t\t\t\t\t<p class=\"dem_event_content\">Die exklusive INTERNORGA Afterparty am 13. M\u00e4rz im Kosmos Karoline\u00a0&#8211; Von der Gastro, f\u00fcr die Gastro! The industry&#8217;s meeting place \u2013 for networking, enjoyment and celebration. After an intense first day at INTERNORGA, the doors of Kosmos Karoline open for a special evening: good drinks, inspiring conversations, culinary highlights and an atmosphere that cannot be [&hellip;]<\/p>\r\n\t\t\t\t<p class=\"dem_event_book_now\">\r\n\t\t\t\t\t\t<a href=\"https:\/\/openmouth.hamburg\/en\/events\/exklusive-internorga-afterparty\/\" class=\"et_pb_button\" >Details<\/a>\r\n\t\t\t\r\n\t\t<\/p>\r\n\t<\/div>\r\n<\/div>  \r\n<div class=\"et_pb_divider dem_divider\"><\/div>\t\t\t<div class=\"et_pb_row dem_event_item dem_column_list_view_style2\">\r\n\t<div class=\"et_pb_column et_pb_column_1_3 dem_column_list_view_style2_left\">\r\n\t\t<a href=\"https:\/\/openmouth.hamburg\/en\/events\/internorga-internationale-leitmesse-fuer-hospitality-und-foodservice\/\" >\r\n\t\t\t<div class=\"dem_event_image dem_list_style2_desktop\">\r\n\t\t\t\t<img decoding=\"async\" src=\"https:\/\/openmouth.hamburg\/wp-content\/uploads\/2026\/03\/IN25_RZ_150325_3577-300x300.jpg\" alt=\"INTERNORGA \u2013 Leading international trade fair for hospitality and food service\">\r\n\t\t\t<\/div>\r\n\t\t\t<div class=\"dem_event_image dem_list_style2_mobile\">\r\n\t\t\t\t<img decoding=\"async\" src=\"https:\/\/openmouth.hamburg\/wp-content\/uploads\/2026\/03\/IN25_RZ_150325_3577-scaled-e1772625235579.jpg\" alt=\"INTERNORGA \u2013 Leading international trade fair for hospitality and food service\">\r\n\t\t\t<\/div>\r\n\t\t<\/a>\r\n\t<\/div>\r\n\t<div class=\"et_pb_column et_pb_column_2_3 dem_column_list_view_style2_right\">\t\r\n\t\t<h2 class=\"et_pb_module_header dem_event_title\"><a href=\"https:\/\/openmouth.hamburg\/en\/events\/internorga-internationale-leitmesse-fuer-hospitality-und-foodservice\/\" >INTERNORGA \u2013 Leading international trade fair for hospitality and food service<\/a><\/h2>\t\t\t<p class=\"dem_event_date_time\"><i class=\"et-pb-icon\">&#xe023;<\/i>&nbsp;13  March, 2026 at 10:00 - 18:00 on Messeplatz 1, Hamburg, Hamburg, Germany\t\t\t<\/p>\r\n\t\t\t\t\t<p class=\"dem_event_content\">In March 2026, Hamburg will once again become the international meeting place for the food industry. Over five days, decision-makers, brands and companies from all over the world will come together to experience trends, discover forward-looking products and concepts, and actively shape the development of the market.<\/p>\r\n\t\t\t\t<p class=\"dem_event_book_now\">\r\n\t\t\t\t\t\t<a href=\"https:\/\/openmouth.hamburg\/en\/events\/internorga-internationale-leitmesse-fuer-hospitality-und-foodservice\/\" class=\"et_pb_button\" >Details<\/a>\r\n\t\t\t\r\n\t\t<\/p>\r\n\t<\/div>\r\n<\/div>  \r\n<div class=\"et_pb_divider dem_divider\"><\/div>\t\t\t<div class=\"et_pb_row_custom_pagination pagination-container\"><nav class=\"navigation dem_pagination\"><div class=\"nav-links\"><span aria-current=\"page\" class=\"page-numbers current\">1<\/span>\n<a class=\"page-numbers\" href=\"https:\/\/openmouth.hamburg\/en\/wp-json\/wp\/v2\/pages\/2026\/page\/2\">2<\/a>\n<a class=\"page-numbers\" href=\"https:\/\/openmouth.hamburg\/en\/wp-json\/wp\/v2\/pages\/2026\/page\/3\">3<\/a>\n<span class=\"page-numbers dots\">&hellip;<\/span>\n<a class=\"page-numbers\" href=\"https:\/\/openmouth.hamburg\/en\/wp-json\/wp\/v2\/pages\/2026\/page\/10\">10<\/a>\n<a class=\"next page-numbers\" href=\"https:\/\/openmouth.hamburg\/en\/wp-json\/wp\/v2\/pages\/2026\/page\/2\"><span class=\"et-pb-icon\">&#x35;<\/span><\/a><\/div><\/nav><\/div><\/div>\n\t\t\t\t<\/div>\n\t\t\t<\/div>\n","protected":false},"author":1,"featured_media":1302,"parent":0,"menu_order":0,"comment_status":"closed","ping_status":"closed","template":"","meta":{"_acf_changed":false,"_et_pb_use_builder":"on","_et_pb_old_content":"","_et_gb_content_width":"","footnotes":""},"class_list":["post-2026","page","type-page","status-publish","has-post-thumbnail","hentry"],"acf":[],"_links":{"self":[{"href":"https:\/\/openmouth.hamburg\/en\/wp-json\/wp\/v2\/pages\/2026","targetHints":{"allow":["GET"]}}],"collection":[{"href":"https:\/\/openmouth.hamburg\/en\/wp-json\/wp\/v2\/pages"}],"about":[{"href":"https:\/\/openmouth.hamburg\/en\/wp-json\/wp\/v2\/types\/page"}],"author":[{"embeddable":true,"href":"https:\/\/openmouth.hamburg\/en\/wp-json\/wp\/v2\/users\/1"}],"replies":[{"embeddable":true,"href":"https:\/\/openmouth.hamburg\/en\/wp-json\/wp\/v2\/comments?post=2026"}],"version-history":[{"count":4,"href":"https:\/\/openmouth.hamburg\/en\/wp-json\/wp\/v2\/pages\/2026\/revisions"}],"predecessor-version":[{"id":2034,"href":"https:\/\/openmouth.hamburg\/en\/wp-json\/wp\/v2\/pages\/2026\/revisions\/2034"}],"wp:featuredmedia":[{"embeddable":true,"href":"https:\/\/openmouth.hamburg\/en\/wp-json\/wp\/v2\/media\/1302"}],"wp:attachment":[{"href":"https:\/\/openmouth.hamburg\/en\/wp-json\/wp\/v2\/media?parent=2026"}],"curies":[{"name":"wp","href":"https:\/\/api.w.org\/{rel}","templated":true}]}}